{"id":2,"date":"2014-12-05T19:01:02","date_gmt":"2014-12-05T17:01:02","guid":{"rendered":"http:\/\/www.sz-kaethe.org\/?page_id=2"},"modified":"2025-03-03T02:11:45","modified_gmt":"2025-03-03T00:11:45","slug":"beispiel-seite","status":"publish","type":"page","link":"https:\/\/sz-kaethe.org\/","title":{"rendered":"Startseite"},"content":{"rendered":"\n<figure class=\"wp-block-image aligncenter size-large\"><a href=\"https:\/\/sz-kaethe.org\/wp-content\/uploads\/Mietpreisbremse_selber_machen.jpeg\"><img loading=\"lazy\" decoding=\"async\" width=\"724\" height=\"1024\" src=\"https:\/\/sz-kaethe.org\/wp-content\/uploads\/Mietpreisbremse_selber_machen-724x1024.jpeg\" alt=\"\" class=\"wp-image-3439\" srcset=\"https:\/\/sz-kaethe.org\/wp-content\/uploads\/Mietpreisbremse_selber_machen-724x1024.jpeg 724w, https:\/\/sz-kaethe.org\/wp-content\/uploads\/Mietpreisbremse_selber_machen-212x300.jpeg 212w, https:\/\/sz-kaethe.org\/wp-content\/uploads\/Mietpreisbremse_selber_machen-768x1086.jpeg 768w, https:\/\/sz-kaethe.org\/wp-content\/uploads\/Mietpreisbremse_selber_machen-1086x1536.jpeg 1086w, https:\/\/sz-kaethe.org\/wp-content\/uploads\/Mietpreisbremse_selber_machen.jpeg 1131w\" sizes=\"(max-width: 724px) 100vw, 724px\" \/><\/a><\/figure>\n\n\n\n<hr class=\"wp-block-separator has-alpha-channel-opacity is-style-wide\"\/>\n\n\n        <div\n            class=\"spotlight-instagram-feed\"\n            data-feed-var=\"fcb2ace1\"\n            data-analytics=\"0\"\n            data-instance=\"2\"\n        >\n        <\/div>\n        <input type=\"hidden\" id=\"sli__f__fcb2ace1\" data-json='{&quot;useCase&quot;:&quot;accounts&quot;,&quot;template&quot;:&quot;classic&quot;,&quot;layout&quot;:&quot;grid&quot;,&quot;numColumns&quot;:{&quot;desktop&quot;:3},&quot;highlightFreq&quot;:{&quot;desktop&quot;:7},&quot;sliderNumScrollPosts&quot;:{&quot;desktop&quot;:1},&quot;sliderInfinite&quot;:true,&quot;sliderLoop&quot;:false,&quot;sliderArrowPos&quot;:{&quot;desktop&quot;:&quot;inside&quot;},&quot;sliderArrowSize&quot;:{&quot;desktop&quot;:20},&quot;sliderArrowColor&quot;:{&quot;r&quot;:255,&quot;b&quot;:255,&quot;g&quot;:255,&quot;a&quot;:1},&quot;sliderArrowBgColor&quot;:{&quot;r&quot;:0,&quot;b&quot;:0,&quot;g&quot;:0,&quot;a&quot;:0.8000000000000000444089209850062616169452667236328125},&quot;sliderAutoScroll&quot;:false,&quot;sliderAutoInterval&quot;:3,&quot;postOrder&quot;:&quot;date_desc&quot;,&quot;numPosts&quot;:{&quot;desktop&quot;:6},&quot;linkBehavior&quot;:{&quot;desktop&quot;:&quot;lightbox&quot;},&quot;feedWidth&quot;:{&quot;desktop&quot;:&quot;&quot;},&quot;feedHeight&quot;:{&quot;desktop&quot;:&quot;&quot;},&quot;feedPadding&quot;:{&quot;desktop&quot;:24,&quot;tablet&quot;:14,&quot;phone&quot;:10},&quot;imgPadding&quot;:{&quot;desktop&quot;:10,&quot;tablet&quot;:10,&quot;phone&quot;:6},&quot;ratio&quot;:&quot;classic&quot;,&quot;textSize&quot;:{&quot;desktop&quot;:&quot;&quot;,&quot;tablet&quot;:&quot;&quot;,&quot;phone&quot;:&quot;&quot;},&quot;bgColor&quot;:{&quot;r&quot;:255,&quot;g&quot;:255,&quot;b&quot;:255,&quot;a&quot;:1},&quot;hoverInfo&quot;:[&quot;likes_comments&quot;,&quot;insta_link&quot;],&quot;textColorHover&quot;:{&quot;r&quot;:255,&quot;g&quot;:255,&quot;b&quot;:255,&quot;a&quot;:1},&quot;bgColorHover&quot;:{&quot;r&quot;:0,&quot;g&quot;:0,&quot;b&quot;:0,&quot;a&quot;:0.5},&quot;showHeader&quot;:{&quot;desktop&quot;:true},&quot;headerInfo&quot;:{&quot;desktop&quot;:[&quot;profile_pic&quot;,&quot;bio&quot;]},&quot;headerAccount&quot;:5,&quot;headerStyle&quot;:{&quot;desktop&quot;:&quot;normal&quot;,&quot;phone&quot;:&quot;normal&quot;},&quot;headerTextSize&quot;:{&quot;desktop&quot;:&quot;&quot;},&quot;headerPhotoSize&quot;:{&quot;desktop&quot;:50},&quot;headerTextColor&quot;:{&quot;r&quot;:0,&quot;g&quot;:0,&quot;b&quot;:0,&quot;a&quot;:1},&quot;headerBgColor&quot;:{&quot;r&quot;:255,&quot;g&quot;:255,&quot;b&quot;:255,&quot;a&quot;:0},&quot;headerPadding&quot;:{&quot;desktop&quot;:0,&quot;phone&quot;:0},&quot;customProfilePic&quot;:0,&quot;customBioText&quot;:&quot;&quot;,&quot;includeStories&quot;:false,&quot;storiesInterval&quot;:5,&quot;showCaptions&quot;:{&quot;desktop&quot;:false},&quot;captionMaxLength&quot;:{&quot;desktop&quot;:0},&quot;captionRemoveDots&quot;:false,&quot;captionSize&quot;:{&quot;desktop&quot;:0},&quot;captionColor&quot;:{&quot;r&quot;:0,&quot;g&quot;:0,&quot;b&quot;:0,&quot;a&quot;:1},&quot;showLikes&quot;:{&quot;desktop&quot;:false},&quot;showComments&quot;:{&quot;desktop&quot;:false},&quot;lcIconSize&quot;:{&quot;desktop&quot;:14},&quot;likesIconColor&quot;:{&quot;r&quot;:0,&quot;g&quot;:0,&quot;b&quot;:0,&quot;a&quot;:1},&quot;commentsIconColor&quot;:{&quot;r&quot;:0,&quot;g&quot;:0,&quot;b&quot;:0,&quot;a&quot;:1},&quot;lightboxShowSidebar&quot;:false,&quot;lightboxCtaStyle&quot;:&quot;link&quot;,&quot;lightboxCtaDesign&quot;:{&quot;text&quot;:{&quot;color&quot;:{&quot;r&quot;:0,&quot;g&quot;:0,&quot;b&quot;:0,&quot;a&quot;:1},&quot;align&quot;:&quot;center&quot;},&quot;bgColor&quot;:{&quot;r&quot;:230,&quot;g&quot;:230,&quot;b&quot;:230,&quot;a&quot;:1},&quot;border&quot;:{&quot;radius&quot;:3}},&quot;numLightboxComments&quot;:50,&quot;showLoadMoreBtn&quot;:{&quot;desktop&quot;:true},&quot;loadMoreBtnDesign&quot;:{&quot;text&quot;:{&quot;color&quot;:{&quot;r&quot;:252,&quot;g&quot;:252,&quot;b&quot;:252,&quot;a&quot;:1},&quot;align&quot;:&quot;center&quot;},&quot;border&quot;:{&quot;radius&quot;:3},&quot;bgColor&quot;:{&quot;r&quot;:218,&quot;g&quot;:6,&quot;b&quot;:0,&quot;a&quot;:0.79000000000000003552713678800500929355621337890625},&quot;margin&quot;:{&quot;top&quot;:0,&quot;bottom&quot;:0,&quot;left&quot;:0,&quot;right&quot;:0}},&quot;loadMoreBtnText&quot;:&quot;Lade mehr Posts&quot;,&quot;loadMoreBtnScroll&quot;:false,&quot;autoload&quot;:false,&quot;showFollowBtn&quot;:{&quot;desktop&quot;:false},&quot;followBtnText&quot;:&quot;Follow on Instagram&quot;,&quot;followBtnDesign&quot;:{&quot;text&quot;:{&quot;color&quot;:{&quot;r&quot;:255,&quot;g&quot;:255,&quot;b&quot;:255,&quot;a&quot;:1},&quot;align&quot;:&quot;center&quot;},&quot;border&quot;:{&quot;radius&quot;:3},&quot;bgColor&quot;:{&quot;r&quot;:210,&quot;g&quot;:41,&quot;b&quot;:41,&quot;a&quot;:1},&quot;margin&quot;:{&quot;top&quot;:0,&quot;bottom&quot;:0,&quot;left&quot;:0,&quot;right&quot;:0}},&quot;followBtnLocation&quot;:{&quot;desktop&quot;:&quot;bottom&quot;,&quot;phone&quot;:&quot;bottom&quot;},&quot;alignFooterButtons&quot;:{&quot;desktop&quot;:false},&quot;customCss&quot;:&quot;\\\/* Enter your custom CSS below *\\\/\\n\\n&quot;,&quot;accounts&quot;:[3337],&quot;tagged&quot;:[],&quot;hashtags&quot;:[],&quot;mediaType&quot;:&quot;all&quot;,&quot;hashtagWhitelist&quot;:[],&quot;hashtagBlacklist&quot;:[],&quot;captionWhitelist&quot;:[],&quot;captionBlacklist&quot;:[],&quot;hashtagWhitelistSettings&quot;:true,&quot;hashtagBlacklistSettings&quot;:true,&quot;captionWhitelistSettings&quot;:true,&quot;captionBlacklistSettings&quot;:true,&quot;moderation&quot;:[],&quot;moderationMode&quot;:&quot;blacklist&quot;,&quot;promosVersion&quot;:2,&quot;promosEnabled&quot;:true,&quot;globalPromosEnabled&quot;:true,&quot;autoPromosEnabled&quot;:true,&quot;promoOverrides&quot;:[],&quot;feedPromo&quot;:{&quot;linkSource&quot;:{&quot;type&quot;:null},&quot;linkBehavior&quot;:{&quot;openNewTab&quot;:false,&quot;showPopupBox&quot;:false},&quot;linkText&quot;:&quot;&quot;},&quot;gaCampaignSource&quot;:&quot;&quot;,&quot;gaCampaignMedium&quot;:&quot;&quot;,&quot;gaCampaignName&quot;:&quot;&quot;,&quot;className&quot;:&quot;&quot;}' \/>\n        <input type=\"hidden\" id=\"sli__a__fcb2ace1\" data-json='[{&quot;id&quot;:3337,&quot;type&quot;:&quot;PERSONAL&quot;,&quot;userId&quot;:&quot;7990039201125794&quot;,&quot;username&quot;:&quot;szkaethe&quot;,&quot;bio&quot;:&quot;&quot;,&quot;customBio&quot;:&quot;&quot;,&quot;profilePicUrl&quot;:&quot;&quot;,&quot;customProfilePicUrl&quot;:&quot;&quot;,&quot;mediaCount&quot;:&quot;83&quot;,&quot;followersCount&quot;:&quot;0&quot;,&quot;usages&quot;:[],&quot;creationDate&quot;:&quot;2024-09-17 20:49:11&quot;}]' \/>\n        <input type=\"hidden\" id=\"sli__m__fcb2ace1\" data-json='[]' \/>\n        \n\n\n<hr class=\"wp-block-separator has-alpha-channel-opacity is-style-wide\"\/>\n\n\n\n<div class=\"wp-block-group is-layout-constrained wp-container-core-group-is-layout-1 wp-block-group-is-layout-constrained\">\n<h2 class=\"wp-block-heading\">Aktuelles<\/h2>\n\n\n<ul class=\"wp-block-latest-posts__list has-dates wp-block-latest-posts has-medium-font-size\"><li><a class=\"wp-block-latest-posts__post-title\" href=\"https:\/\/sz-kaethe.org\/?p=3332\">Film und Diskussion: Den automobilen Konsens aufbrechen<\/a><time datetime=\"2024-09-10T16:34:12+02:00\" class=\"wp-block-latest-posts__post-date\">10. September 2024<\/time><\/li>\n<li><a class=\"wp-block-latest-posts__post-title\" href=\"https:\/\/sz-kaethe.org\/?p=3325\">Termine September 2024<\/a><time datetime=\"2024-09-10T16:25:36+02:00\" class=\"wp-block-latest-posts__post-date\">10. September 2024<\/time><\/li>\n<li><a class=\"wp-block-latest-posts__post-title\" href=\"https:\/\/sz-kaethe.org\/?p=3321\">Termine August 2024<\/a><time datetime=\"2024-08-03T09:14:40+02:00\" class=\"wp-block-latest-posts__post-date\">3. August 2024<\/time><\/li>\n<\/ul><\/div>\n\n\n\n<hr class=\"wp-block-separator has-alpha-channel-opacity is-style-wide\"\/>\n\n\n\n<div class=\"wp-block-group has-white-background-color has-background is-layout-constrained wp-container-core-group-is-layout-3 wp-block-group-is-layout-constrained\" style=\"padding-top:0;padding-right:0;padding-bottom:0;padding-left:0\">\n<div class=\"wp-block-group is-layout-constrained wp-block-group-is-layout-constrained\">\n<div class=\"wp-block-media-text is-stacked-on-mobile is-vertically-aligned-center is-image-fill\"><figure class=\"wp-block-media-text__media\" style=\"background-image:url(http:\/\/sz-kaethe.org\/wp-content\/uploads\/1.Mai2016-Fest-768x1024.jpg);background-position:50% 50%\"><a href=\"https:\/\/sz-kaethe.org\/?page_id=88\"><img loading=\"lazy\" decoding=\"async\" width=\"768\" height=\"1024\" src=\"http:\/\/sz-kaethe.org\/wp-content\/uploads\/1.Mai2016-Fest-768x1024.jpg\" alt=\"\" class=\"wp-image-752 size-full\" srcset=\"https:\/\/sz-kaethe.org\/wp-content\/uploads\/1.Mai2016-Fest-768x1024.jpg 768w, https:\/\/sz-kaethe.org\/wp-content\/uploads\/1.Mai2016-Fest-225x300.jpg 225w, https:\/\/sz-kaethe.org\/wp-content\/uploads\/1.Mai2016-Fest.jpg 883w\" sizes=\"(max-width: 768px) 100vw, 768px\" \/><\/a><\/figure><div class=\"wp-block-media-text__content\">\n<h2 class=\"wp-block-heading\"><a href=\"https:\/\/sz-kaethe.org\/?page_id=88\" style=\"color: inherit; text-decoration: none;\">Selbstverst\u00e4ndnis<\/a><\/h2>\n\n\n\n<p><a href=\"https:\/\/sz-kaethe.org\/?page_id=88\" style=\"color: inherit; text-decoration: none;\">Das Soziale Zentrum K\u00e4the ist ein selbstverwaltetes Zentrum f\u00fcr linke Politik, Kultur und kollektives Wohnen. Es stellt R\u00e4umlichkeiten und Infrastruktur f\u00fcr verschiedene Gruppen, Organisationen und Aktivit\u00e4ten zur Verf\u00fcgung.<\/a><\/p>\n<\/div><\/div>\n<\/div>\n\n\n\n<p><\/p>\n\n\n\n<div class=\"wp-block-media-text has-media-on-the-right is-stacked-on-mobile is-vertically-aligned-center is-image-fill\"><div class=\"wp-block-media-text__content\">\n<h2 class=\"wp-block-heading\"><a href=\"https:\/\/www.syndikat.org\/\" style=\"color: inherit; text-decoration: none;\">Mietsh\u00e4user Syndikat<\/a><\/h2>\n\n\n\n<p><a href=\"https:\/\/www.syndikat.org\/\" style=\"color: inherit; text-decoration: none;\">Wir sind Teil des bundesweiten Mietsh\u00e4user Syndikats, das es sich zum Ziel gesetzt hat, H\u00e4user dem profitorientierten Kapitalmarkt zu entziehen und f\u00fcr kollektiv selbstverwaltete Projekte&#8230;<\/a><\/p>\n<\/div><figure class=\"wp-block-media-text__media\" style=\"background-image:url(http:\/\/sz-kaethe.org\/wp-content\/uploads\/syndikat-background_8003-e1420127708802.jpg);background-position:50% 50%\"><a href=\"https:\/\/www.syndikat.org\/\"><img loading=\"lazy\" decoding=\"async\" width=\"799\" height=\"202\" src=\"http:\/\/sz-kaethe.org\/wp-content\/uploads\/syndikat-background_8003-e1420127708802.jpg\" alt=\"\" class=\"wp-image-244 size-full\" srcset=\"https:\/\/sz-kaethe.org\/wp-content\/uploads\/syndikat-background_8003-e1420127708802.jpg 799w, https:\/\/sz-kaethe.org\/wp-content\/uploads\/syndikat-background_8003-e1420127708802-300x76.jpg 300w\" sizes=\"(max-width: 799px) 100vw, 799px\" \/><\/a><\/figure><\/div>\n\n\n\n<p><\/p>\n\n\n\n<div class=\"wp-block-media-text is-stacked-on-mobile is-image-fill\"><figure class=\"wp-block-media-text__media\" style=\"background-image:url(http:\/\/sz-kaethe.org\/wp-content\/uploads\/Blick-vom-Ger\u00fcst-Juli-2013.jpg);background-position:50% 50%\"><a href=\"https:\/\/sz-kaethe.org\/?page_id=47\"><img loading=\"lazy\" decoding=\"async\" width=\"1000\" height=\"750\" src=\"http:\/\/sz-kaethe.org\/wp-content\/uploads\/Blick-vom-Ger\u00fcst-Juli-2013.jpg\" alt=\"\" class=\"wp-image-284 size-full\" srcset=\"https:\/\/sz-kaethe.org\/wp-content\/uploads\/Blick-vom-Ger\u00fcst-Juli-2013.jpg 1000w, https:\/\/sz-kaethe.org\/wp-content\/uploads\/Blick-vom-Ger\u00fcst-Juli-2013-300x225.jpg 300w\" sizes=\"(max-width: 1000px) 100vw, 1000px\" \/><\/a><\/figure><div class=\"wp-block-media-text__content\">\n<h2 class=\"wp-block-heading\"><a href=\"https:\/\/sz-kaethe.org\/?page_id=47\" data-type=\"page\" data-id=\"47\" style=\"color: inherit; text-decoration: none;\">Direktkredite<\/a><\/h2>\n\n\n\n<p><a href=\"https:\/\/sz-kaethe.org\/?page_id=47\" data-type=\"page\" data-id=\"47\" style=\"color: inherit; text-decoration: none;\">Wie bei allen anderen Projekten im Mietsh\u00e4user Syndikat sind Bankkredite und vor allem Direktkredite von solidarischen Einzelpersonen und Gruppen die Finanzierungsgrundlage unseres Hauses. Neben einem&#8230;<\/a><\/p>\n<\/div><\/div>\n\n\n\n<p><\/p>\n\n\n\n<div class=\"wp-block-media-text has-media-on-the-right is-stacked-on-mobile is-vertically-aligned-center is-image-fill\"><div class=\"wp-block-media-text__content\">\n<h2 class=\"wp-block-heading\"><a href=\"https:\/\/sz-kaethe.org\/?page_id=38\" data-type=\"page\" data-id=\"38\" style=\"color: inherit; text-decoration: none;\">K\u00e4the unterst\u00fctzen!<\/a><\/h2>\n\n\n\n<p><a href=\"https:\/\/sz-kaethe.org\/?page_id=38\" data-type=\"page\" data-id=\"38\" style=\"color: inherit; text-decoration: none;\">Als unabh\u00e4ngiges und selbstverwaltetes Zentrum sind wir auf die Unterst\u00fctzung vieler solidarischer Menschen angewiesen. Die Kulturinitiative Heilbronn e.V. ist ein gemeinn\u00fctziger, eingetragener Verein. Sie war&#8230;<\/a><\/p>\n<\/div><figure class=\"wp-block-media-text__media\" style=\"background-image:url(http:\/\/sz-kaethe.org\/wp-content\/uploads\/p1mail_f-730x1024.jpg);background-position:50% 50%\"><a href=\"https:\/\/sz-kaethe.org\/?page_id=38\"><img loading=\"lazy\" decoding=\"async\" width=\"730\" height=\"1024\" src=\"http:\/\/sz-kaethe.org\/wp-content\/uploads\/p1mail_f-730x1024.jpg\" alt=\"\" class=\"wp-image-241 size-full\" srcset=\"https:\/\/sz-kaethe.org\/wp-content\/uploads\/p1mail_f-730x1024.jpg 730w, https:\/\/sz-kaethe.org\/wp-content\/uploads\/p1mail_f-214x300.jpg 214w, https:\/\/sz-kaethe.org\/wp-content\/uploads\/p1mail_f.jpg 1264w\" sizes=\"(max-width: 730px) 100vw, 730px\" \/><\/a><\/figure><\/div>\n<\/div>\n","protected":false},"excerpt":{"rendered":"<p>Aktuelles Selbstverst\u00e4ndnis Das Soziale Zentrum K\u00e4the ist ein selbstverwaltetes Zentrum f\u00fcr linke Politik, Kultur und kollektives Wohnen. Es stellt R\u00e4umlichkeiten und Infrastruktur f\u00fcr verschiedene Gruppen, [&#8230;]<\/p>\n","protected":false},"author":1,"featured_media":0,"parent":0,"menu_order":0,"comment_status":"closed","ping_status":"closed","template":"templates\/template-no-title.php","meta":{"footnotes":""},"_links":{"self":[{"href":"https:\/\/sz-kaethe.org\/index.php?rest_route=\/wp\/v2\/pages\/2"}],"collection":[{"href":"https:\/\/sz-kaethe.org\/index.php?rest_route=\/wp\/v2\/pages"}],"about":[{"href":"https:\/\/sz-kaethe.org\/index.php?rest_route=\/wp\/v2\/types\/page"}],"author":[{"embeddable":true,"href":"https:\/\/sz-kaethe.org\/index.php?rest_route=\/wp\/v2\/users\/1"}],"replies":[{"embeddable":true,"href":"https:\/\/sz-kaethe.org\/index.php?rest_route=%2Fwp%2Fv2%2Fcomments&post=2"}],"version-history":[{"count":19,"href":"https:\/\/sz-kaethe.org\/index.php?rest_route=\/wp\/v2\/pages\/2\/revisions"}],"predecessor-version":[{"id":3441,"href":"https:\/\/sz-kaethe.org\/index.php?rest_route=\/wp\/v2\/pages\/2\/revisions\/3441"}],"wp:attachment":[{"href":"https:\/\/sz-kaethe.org\/index.php?rest_route=%2Fwp%2Fv2%2Fmedia&parent=2"}],"curies":[{"name":"wp","href":"https:\/\/api.w.org\/{rel}","templated":true}]}}