{"id":59,"date":"2014-12-18T22:38:32","date_gmt":"2014-12-18T20:38:32","guid":{"rendered":"http:\/\/www.sz-kaethe.org\/?page_id=59"},"modified":"2020-11-05T21:56:18","modified_gmt":"2020-11-05T19:56:18","slug":"kontakt","status":"publish","type":"page","link":"https:\/\/sz-kaethe.org\/?page_id=59","title":{"rendered":"Kontakt &#038; Impressum"},"content":{"rendered":"<p><a href=\"http:\/\/www.sz-kaethe.org\/wp-content\/uploads\/Impressum01.jpg\"><img loading=\"lazy\" decoding=\"async\" class=\" wp-image-3080 alignleft\" src=\"http:\/\/www.sz-kaethe.org\/wp-content\/uploads\/Impressum01-300x169.jpg\" alt=\"\" width=\"318\" height=\"179\" srcset=\"https:\/\/sz-kaethe.org\/wp-content\/uploads\/Impressum01-300x169.jpg 300w, https:\/\/sz-kaethe.org\/wp-content\/uploads\/Impressum01-1024x576.jpg 1024w, https:\/\/sz-kaethe.org\/wp-content\/uploads\/Impressum01-768x432.jpg 768w, https:\/\/sz-kaethe.org\/wp-content\/uploads\/Impressum01-1536x864.jpg 1536w, https:\/\/sz-kaethe.org\/wp-content\/uploads\/Impressum01.jpg 1920w\" sizes=\"auto, (max-width: 318px) 100vw, 318px\" \/><\/a><\/p>\n<p>\u00a0<\/p>\n<p>\u00a0<\/p>\n<p>\u00a0<\/p>\n<p>\u00a0<\/p>\n<p>\u00a0<\/p>\n<p>\u00a0<\/p>\n<p>Soziales Zentrum K\u00e4the<br \/>Wollhausstra\u00dfe 49<br \/>74072 Heilbronn<br \/>Telefon: 07131\/ 1245419<\/p>\n<p>E-Mail: kontakt [at] sz-kaethe.org<br \/>Internet: www.sz-kaethe.org<\/p>\n<hr \/>\n<p><em>Haftung<\/em><\/p>\n<p>Diese Website wurde mit gr\u00f6\u00dftm\u00f6glicher Sorgfalt zusammengestellt. Trotzdem kann keine Gew\u00e4hr f\u00fcr die Fehlerfreiheit und Genauigkeit der enthaltenen Informationen \u00fcbernommen werden. Jegliche Haftung f\u00fcr Sch\u00e4den, die direkt oder indirekt aus der Benutzung dieser Website entstehen, wird ausgeschlossen, soweit diese nicht auf Vorsatz oder grober Fahrl\u00e4ssigkeit beruhen. Sofern von dieser Website auf Internetseiten verwiesen wird, die von Dritten betrieben werden, \u00fcbernehme ich keine Verantwortung f\u00fcr deren Inhalte.<\/p>\n<p><em>Disclaimer<\/em><\/p>\n<p>Mit Urteil vom 12. Mai 1998 hat das Landgericht Hamburg entschieden, dass man durch die Ausbringung eines Links die Inhalte der gelinkten Seite gegebenenfalls mit zu verantworten hat. Dies kann &#8211; so das LG &#8211; nur dadurch verhindert werden, dass man sich ausdr\u00fccklich von diesen Inhalten distanziert. Von einigen unserer Seiten f\u00fchren Links zu anderen Seiten im Internet. F\u00fcr all diese Links, sowie Links aus unseren Foren sowie dem G\u00e4stebuch gilt: Wir m\u00f6chten ausdr\u00fccklich betonen, dass wir keinerlei Einfluss auf die Gestaltung und die Inhalte der gelinkten Seiten haben. Aus diesem Grunde distanzieren wir uns hiermit ausdr\u00fccklich von allen Inhalten gelinkter Seiten und machen uns ihre Inhalte nicht zu eigen. Diese Erkl\u00e4rung gilt f\u00fcr alle Links und f\u00fcr alle Inhalte der Seiten, zu denen bei uns gelinkte Inhalte f\u00fchren.<\/p>\n<h4>Wer wir sind<\/h4>\n<p class=\"privacy-policy-tutorial\">Die Adresse unserer Website ist: http:\/\/www.sz-kaethe.org.<\/p>\n<h4>Welche personenbezogenen Daten wir sammeln und warum wir sie sammeln<\/h4>\n<p class=\"privacy-policy-tutorial\">Wir verwenden zur Verwaltung unsere Homepage das Content Management System (CMS) WordPress. Standardm\u00e4\u00dfig sammelt WordPress keine personenbezogenen Daten \u00fcber Benutzer und sammelt nur die Daten, die im Profil eines registrierten Benutzers angezeigt werden.<\/p>\n<h5>Cookies<\/h5>\n<p>Wenn du einen Kommentar auf unserer Website schreibst, kann das eine Einwilligung sein, deinen Namen, E-Mail-Adresse und Website in Cookies zu speichern. Dies ist eine Komfortfunktion, damit du nicht, wenn du einen weiteren Kommentar schreibst, all diese Daten erneut eingeben musst. Diese Cookies werden ein Jahr lang gespeichert.<\/p>\n<p>Falls du ein Konto hast und dich auf dieser Website anmeldest, werden wir ein tempor\u00e4res Cookie setzen, um festzustellen, ob dein Browser Cookies akzeptiert. Dieses Cookie enth\u00e4lt keine personenbezogenen Daten und wird verworfen, wenn du deinen Browser schlie\u00dft.<\/p>\n<p>Wenn du dich anmeldest, werden wir einige Cookies einrichten, um deine Anmeldeinformationen und Anzeigeoptionen zu speichern. Anmelde-Cookies verfallen nach zwei Tagen und Cookies f\u00fcr die Anzeigeoptionen nach einem Jahr. Falls du bei der Anmeldung \u201eAngemeldet bleiben\u201c ausw\u00e4hlst, wird deine Anmeldung zwei Wochen lang aufrechterhalten. Mit der Abmeldung aus deinem Konto werden die Anmelde-Cookies gel\u00f6scht.<\/p>\n<p>Wenn du einen Artikel bearbeitest oder ver\u00f6ffentlichst, wird ein zus\u00e4tzlicher Cookie in deinem Browser gespeichert. Dieser Cookie enth\u00e4lt keine personenbezogenen Daten und verweist nur auf die Beitrags-ID des Artikels, den du gerade bearbeitet hast. Der Cookie verf\u00e4llt nach einem Tag.<\/p>\n<h5>Eingebettete Inhalte von anderen Websites<\/h5>\n<p>Beitr\u00e4ge auf dieser Website k\u00f6nnen eingebettete Inhalte beinhalten (z.\u00a0B. Videos, Bilder, Beitr\u00e4ge etc.). Eingebettete Inhalte von anderen Websites verhalten sich exakt so, als ob der Besucher die andere Website besucht h\u00e4tte.<\/p>\n<p>Diese Websites k\u00f6nnen Daten \u00fcber dich sammeln, Cookies benutzen, zus\u00e4tzliche Tracking-Dienste von Dritten einbetten und deine Interaktion mit diesem eingebetteten Inhalt aufzeichnen, inklusive deiner Interaktion mit dem eingebetteten Inhalt, falls du ein Konto hast und auf dieser Website angemeldet bist.<\/p>\n<h4>Mit wem wir deine Daten teilen<\/h4>\n<p class=\"privacy-policy-tutorial\">Wir teilen keine Daten mit Dritten.<\/p>\n<h4>Welche Rechte du an deinen Daten hast<\/h4>\n<p>Wenn du ein Konto auf dieser Website besitzt oder Kommentare geschrieben hast, kannst du einen Export deiner personenbezogenen Daten bei uns anfordern, inklusive aller Daten, die du uns mitgeteilt hast. Dar\u00fcber hinaus kannst du die L\u00f6schung aller personenbezogenen Daten, die wir von dir gespeichert haben, anfordern. Dies umfasst nicht die Daten, die wir aufgrund administrativer, rechtlicher oder sicherheitsrelevanter Notwendigkeiten aufbewahren m\u00fcssen.<\/p>\n<h4>Wohin wir Deine Daten senden<\/h4>\n<p>Besucher-Kommentare k\u00f6nnten von einem automatisierten Dienst zur Spam-Erkennung untersucht werden. Ansonsten werden von uns keine Daten an Dritte versandt.<\/p>\n<h4>Noch Fragen?<\/h4>\n<p class=\"privacy-policy-tutorial\">F\u00fcr alle Fragen rund um das Thema Datenschutz und Auskunft \u00fcber gespeicherte Daten, bitten wir um eine E-Mail an die Adresse datenschutz[at]sz-kaethe.org<\/p>\n<p class=\"privacy-policy-tutorial\">\u00a0<\/p>\n\n\n<p><\/p>\n","protected":false},"excerpt":{"rendered":"<p>\u00a0 \u00a0 \u00a0 \u00a0 \u00a0 \u00a0 Soziales Zentrum K\u00e4theWollhausstra\u00dfe 4974072 HeilbronnTelefon: 07131\/ 1245419 E-Mail: kontakt [at] sz-kaethe.orgInternet: www.sz-kaethe.org Haftung Diese Website wurde mit gr\u00f6\u00dftm\u00f6glicher Sorgfalt [&#8230;]<\/p>\n","protected":false},"author":1,"featured_media":0,"parent":0,"menu_order":0,"comment_status":"closed","ping_status":"open","template":"","meta":{"footnotes":""},"class_list":["post-59","page","type-page","status-publish","hentry"],"_links":{"self":[{"href":"https:\/\/sz-kaethe.org\/index.php?rest_route=\/wp\/v2\/pages\/59","targetHints":{"allow":["GET"]}}],"collection":[{"href":"https:\/\/sz-kaethe.org\/index.php?rest_route=\/wp\/v2\/pages"}],"about":[{"href":"https:\/\/sz-kaethe.org\/index.php?rest_route=\/wp\/v2\/types\/page"}],"author":[{"embeddable":true,"href":"https:\/\/sz-kaethe.org\/index.php?rest_route=\/wp\/v2\/users\/1"}],"replies":[{"embeddable":true,"href":"https:\/\/sz-kaethe.org\/index.php?rest_route=%2Fwp%2Fv2%2Fcomments&post=59"}],"version-history":[{"count":0,"href":"https:\/\/sz-kaethe.org\/index.php?rest_route=\/wp\/v2\/pages\/59\/revisions"}],"wp:attachment":[{"href":"https:\/\/sz-kaethe.org\/index.php?rest_route=%2Fwp%2Fv2%2Fmedia&parent=59"}],"curies":[{"name":"wp","href":"https:\/\/api.w.org\/{rel}","templated":true}]}}