{"id":91,"date":"2014-12-19T21:29:27","date_gmt":"2014-12-19T19:29:27","guid":{"rendered":"http:\/\/www.sz-kaethe.org\/?page_id=91"},"modified":"2016-07-15T11:22:16","modified_gmt":"2016-07-15T09:22:16","slug":"entstehung","status":"publish","type":"page","link":"https:\/\/sz-kaethe.org\/?page_id=91","title":{"rendered":"Entstehung"},"content":{"rendered":"<p>Die Geschichte des Sozialen Zentrum K\u00e4the beginnt im Sommer 2010. Damals beschloss eine kleine Gruppe von Aktivistinnen und Aktivisten, sich auf die Suche nach geeigneten R\u00e4umlichkeiten f\u00fcr einen unkommerziellen und politischen Treffpunkt in Heilbronn zu machen. Der Mangel an selbstverwalteten R\u00e4umen und linker Infrastruktur in der Stadt sollte endlich \u00fcberwunden werden. Zu diesem Zweck wurde die &#8222;Kulturinitiative Heilbronn e.V.&#8220; als tragende Struktur eines neuen Zentrums ins Leben gerufen.<\/p>\n<p><strong><em>Vom Heilbronner Norden&#8230;<\/em><\/strong><\/p>\n<p>In der Heilbronner Nordstadt fand sich recht schnell eine geeignete \u00d6rtlichkeit, so dass die &#8222;K\u00e4the&#8220; am 1. September 2010 im angemieteten Erdgeschoss der Dammstra\u00dfe 56 ihre Pforten \u00f6ffnete. Damit gab es in Heilbronn zum ersten Mal seit dem Ende des Infoladens in der Mozartstra\u00dfe Anfang der 1990er Jahren wieder einen von der Stadt und Parteien unabh\u00e4ngigen linken Treffpunkt.<\/p>\n<p>In ihrer Anfangszeit hatte die &#8222;K\u00e4the&#8220; mit allen Problemen zu k\u00e4mpfen, die eine neue Struktur dieser Art klassischerweise hat: ein fester Kreis von Unterst\u00fctzerinnen und Unterst\u00fctzern musste sich erst langsam herausbilden, einige zun\u00e4chst begeisterte Menschen verschwanden im Nirgendwo oder be\u00e4ugten das Projekt aus skeptischer Distanz. Zeitweise gab es finanzielle Schwierigkeiten und das Zentrum musste sich seinen Platz in der Stadt erst erk\u00e4mpfen.<\/p>\n<p>Eine gewisse Beharrlichkeit und das Bewusstsein daf\u00fcr, dass diese Probleme zum Aufbau eines politischen Zentrums aber genauso dazu geh\u00f6ren wie die euphorischen Momente, zahlten sich aber schnell aus: Immer mehr Menschen kamen zu Vortrags- und Diskussionsveranstaltungen und Filmabenden, Gruppen nutzten die vorhandenen M\u00f6glichkeiten und der offene Freitagabend in der &#8222;K\u00e4the&#8220; mit veganer Vok\u00fc und ge\u00f6ffnetem Infoladen etablierte sich als Anlaufpunkt f\u00fcr viele Interessierte. In den Monaten vor einem Gro\u00dfaufmarsch von Neonazis in Heilbronn am <a href=\"http:\/\/ngr-heilbronn.org\/category\/1-mai-2011\/\" target=\"_blank\">1. Mai 2011<\/a> wurde das Soziale Zentrum au\u00dferdem zum Mittelpunkt der antifaschistischen Gegenmobilisierung und beheimatete u.a. das &#8222;B\u00fcrgerb\u00fcro&#8220; des Blockadeb\u00fcndnisses &#8222;Heilbronn stellt sich quer&#8220;.<\/p>\n<p><strong><em>\u00a0&#8230;ins eigene Haus!<\/em><\/strong><\/p>\n<p>Insgesamt wurde nach etwas mehr als einem Jahr &#8222;K\u00e4the&#8220; in der Dammstra\u00dfe also eine positive Bilanz gezogen. Auch die gemachten Erfahrungen beim L\u00f6sen von Problemen und dem gemeinsamen Durchstehen von &#8222;Durststrecken&#8220; hatten das Vertrauen ineinander und das Selbstbewusstsein gest\u00e4rkt.<\/p>\n<p>Zudem hatte sich gezeigt, dass in Heilbronn ein enormer Bedarf an Infrastruktur und Entfaltungsm\u00f6glichkeiten f\u00fcr selbstverwaltete Politik und Kultur existiert. Inspiriert von zahlreichen Projekten in der ganzen BRD entstand so die Idee, ein gro\u00dfes Soziales Zentrum in einem eigenen Haus aufzubauen.<\/p>\n<p>Wie geschaffen f\u00fcr dieses Vorhaben schien das aus der Freiburger Hausbesetzer*innenbewegung hervorgegangene Modell des <a href=\"http:\/\/www.syndikat.org\/\" target=\"_blank\">Mietsh\u00e4user Syndikat<\/a>. So entstand mit der Hilfe erfahrener Hausprojekte aus T\u00fcbingen und anderen St\u00e4dten eine lokale Projektinitiative des Syndikats. Da f\u00fcr das neue Zentrum bereits ein konkretes Objekt in der Heilbronner Innenstadt ins Auge gefasst wurde, musste es relativ schnell gehen.<\/p>\n<p>Der Hausverein &#8222;K\u00e4thekooperative e.V.&#8220; wurde gegr\u00fcndet, ein Finanzierungsplan erstellt, Stammkapital gesammelt, ein Hauskonzept erarbeitet und \u00d6ffentlichkeitsarbeit betrieben. Im August 2012 wurde die &#8222;SL &#8211; Solidarisch Leben Heilbronn GmbH&#8220; gegr\u00fcndet, die gem\u00e4\u00df des Syndikatskonzeptes als Hauseigent\u00fcmerin fungiert. Im Oktober 2012 wurde bereits der Kaufvertrag f\u00fcr unser Haus unterschrieben. Mit der Erteilung der Baugenehmigung durch die Stadt Heilbronn im November 2012 fiel dann endg\u00fcltig der Startschuss f\u00fcr die umfangreichen Umbau- und Sanierungsma\u00dfnahmen, die sich bis zum Sommer 2013 hinzogen.<\/p>\n<p>Am 14. September 2013 kamen rund 200 Menschen zum\u00a0 Er\u00f6ffnungsfest des neuen Sozialen Zentrums K\u00e4the.<\/p>\n<p>Bereits im August 2014 wurde auch das Nachbarhaus in der Wollhausstra\u00dfe 47 als Wohnprojekt <a href=\"http:\/\/w-47.org\" target=\"_blank\">&#8222;W 47&#8220;<\/a> des Mietsh\u00e4user Syndikats in die Selbstverwaltung \u00fcberf\u00fchrt.<\/p>\n","protected":false},"excerpt":{"rendered":"<p>Die Geschichte des Sozialen Zentrum K\u00e4the beginnt im Sommer 2010. Damals beschloss eine kleine Gruppe von Aktivistinnen und Aktivisten, sich auf die Suche nach geeigneten [&#8230;]<\/p>\n","protected":false},"author":1,"featured_media":0,"parent":75,"menu_order":0,"comment_status":"closed","ping_status":"open","template":"","meta":{"footnotes":""},"class_list":["post-91","page","type-page","status-publish","hentry"],"_links":{"self":[{"href":"https:\/\/sz-kaethe.org\/index.php?rest_route=\/wp\/v2\/pages\/91","targetHints":{"allow":["GET"]}}],"collection":[{"href":"https:\/\/sz-kaethe.org\/index.php?rest_route=\/wp\/v2\/pages"}],"about":[{"href":"https:\/\/sz-kaethe.org\/index.php?rest_route=\/wp\/v2\/types\/page"}],"author":[{"embeddable":true,"href":"https:\/\/sz-kaethe.org\/index.php?rest_route=\/wp\/v2\/users\/1"}],"replies":[{"embeddable":true,"href":"https:\/\/sz-kaethe.org\/index.php?rest_route=%2Fwp%2Fv2%2Fcomments&post=91"}],"version-history":[{"count":0,"href":"https:\/\/sz-kaethe.org\/index.php?rest_route=\/wp\/v2\/pages\/91\/revisions"}],"up":[{"embeddable":true,"href":"https:\/\/sz-kaethe.org\/index.php?rest_route=\/wp\/v2\/pages\/75"}],"wp:attachment":[{"href":"https:\/\/sz-kaethe.org\/index.php?rest_route=%2Fwp%2Fv2%2Fmedia&parent=91"}],"curies":[{"name":"wp","href":"https:\/\/api.w.org\/{rel}","templated":true}]}}